{"id":34,"date":"2012-09-21T14:20:20","date_gmt":"2012-09-21T17:20:20","guid":{"rendered":"http:\/\/blog.soleufilho.com.br\/?page_id=34"},"modified":"2020-11-20T18:41:28","modified_gmt":"2020-11-20T21:41:28","slug":"o-soleu-2","status":"publish","type":"page","link":"https:\/\/www.soleufilho.com.br\/?page_id=34","title":{"rendered":"O Soleu"},"content":{"rendered":"\n<p><strong>Voltei!<\/strong><\/p>\n\n\n\n<p>A vontade de falar a verdade e opinar sobre o movimento social da Serra Catarinense, fez-me aceitar o convite para escrever no Folha da Serra. Not\u00edcias quentinhas de quem promove, agita e acontece, certamente, estar\u00e3o nesta p\u00e1gina!<\/p>\n\n\n\n<p><em>16 de outubro de 2020<\/em><\/p>\n","protected":false},"excerpt":{"rendered":"<p>Voltei! A vontade de falar a verdade e opinar sobre o movimento social da Serra Catarinense, fez-me aceitar o convite para escrever no Folha da Serra. Not\u00edcias quentinhas de quem promove, agita e acontece, certamente, estar\u00e3o nesta p\u00e1gina! 16 de outubro de 2020<\/p>\n","protected":false},"author":1,"featured_media":0,"parent":0,"menu_order":1,"comment_status":"closed","ping_status":"open","template":"","meta":{"footnotes":""},"class_list":["post-34","page","type-page","status-publish","hentry"],"_links":{"self":[{"href":"https:\/\/www.soleufilho.com.br\/index.php?rest_route=\/wp\/v2\/pages\/34","targetHints":{"allow":["GET"]}}],"collection":[{"href":"https:\/\/www.soleufilho.com.br\/index.php?rest_route=\/wp\/v2\/pages"}],"about":[{"href":"https:\/\/www.soleufilho.com.br\/index.php?rest_route=\/wp\/v2\/types\/page"}],"author":[{"embeddable":true,"href":"https:\/\/www.soleufilho.com.br\/index.php?rest_route=\/wp\/v2\/users\/1"}],"replies":[{"embeddable":true,"href":"https:\/\/www.soleufilho.com.br\/index.php?rest_route=%2Fwp%2Fv2%2Fcomments&post=34"}],"version-history":[{"count":7,"href":"https:\/\/www.soleufilho.com.br\/index.php?rest_route=\/wp\/v2\/pages\/34\/revisions"}],"predecessor-version":[{"id":522,"href":"https:\/\/www.soleufilho.com.br\/index.php?rest_route=\/wp\/v2\/pages\/34\/revisions\/522"}],"wp:attachment":[{"href":"https:\/\/www.soleufilho.com.br\/index.php?rest_route=%2Fwp%2Fv2%2Fmedia&parent=34"}],"curies":[{"name":"wp","href":"https:\/\/api.w.org\/{rel}","templated":true}]}}